{"id":442,"date":"2018-10-03T10:25:35","date_gmt":"2018-10-03T08:25:35","guid":{"rendered":"https:\/\/skamik.no\/?page_id=442"},"modified":"2019-12-23T14:25:07","modified_gmt":"2019-12-23T13:25:07","slug":"home","status":"publish","type":"page","link":"https:\/\/skamik.no\/en\/","title":{"rendered":"Home"},"content":{"rendered":"<h1>\n\t\tNew technology to the aquaculture industry\n\t<\/h1>\n\t<p>Breakthrough technology from SkaMik provides sustainability, fish welfare, efficiency and profitability.<\/p>\n\t\t\t<a href=\"https:\/\/skamik.no\/en\/#products\" role=\"button\" target=\"_self\" rel=\"noopener noreferrer\">\n\t\t\t\t\t\t\t\tour products\n\t\t\t\t\t\t\t\t\t\t\t\t\t\t\t\t\t<\/a>\n\t\t\t<a href=\"https:\/\/skamik.no\/en\/contact\/\" role=\"button\" target=\"_self\" rel=\"noopener noreferrer\">\n\t\t\t\t\t\t\t\tcontact us\n\t\t\t\t\t\t\t\t\t\t\t\t\t\t\t\t\t<\/a>\n<h2>\n\t\tWe are SkaMik AS\n\t<\/h2>\n\t<p>At SkaMik, we work every single day to develop and produce technology that contibutes to increased sustainability, better fish welfare and greater efficiency and profitability in the aquaculture industry.<\/p>\n<p>Since 2009, SkaMik has provided cutting-edge technology for non-chemical delousing of salmon. Based on substantial evidence from a great number of installations \u2013 with more than 1 millions tonnes of treated salmon, it has been documented that our new mechanical delousing system SkaMik 1.5 provides the market\u2019s best results. With close to 100 per cent effect, SkaMik already is an essential tool for some of the world\u2019s most ambitious aquaculture companies.<\/p>\n<p>In adittion to SkaMik 1.5, SkaMik AS also provides a range of <a href=\"https:\/\/skamik.no\/en\/products\/\">other innovations<\/a>. In close cooperation with partners in the marine and maritime industry, we participate in a number of exciting development projects.<\/p>\n\t\t\t<a href=\"https:\/\/skamik.no\/en\/about\/\" target=\"_self\" role=\"button\" rel=\"noopener noreferrer\">\n\t\t\t\t\t\t\tMore about us\n\t\t\t<\/a>\n<h3>\n\t\tProducts\n\t<\/h3>\n\t\t<h4>SkaMik 1.5<\/h4>\n\t\t\t<p>Our upgraded version of SkaMik provides improved delousing, with close to 100 per cent effect on all stages.<\/p>\t\t\n\t\t\t\t<a href=\"https:\/\/skamik.no\/en\/skamik-1-5\/\" target=\"_self\" rel=\"noopener noreferrer\">\n\t\t\t\t\t\t\t\t\t\tREAD MORE\t\t\t\t\t\t\t\t\t<\/a>\n\t\t<h4>Wellfighter<\/h4>\n\t\t\t<p>Custom designed for Wellboats, Wellfighter is based on the highly successful SkaMik 1.5 design. Like SkaMik, 1.5, Wellfighter provides the market\u2019s most efficient and gentle treatment of salmon.<\/p>\t\t\n\t\t\t\t<a href=\"https:\/\/skamik.no\/en\/wellfighter\/\" target=\"_self\" rel=\"noopener noreferrer\">\n\t\t\t\t\t\t\t\t\t\tREAD MORE\t\t\t\t\t\t\t\t\t<\/a>\n\t\t<h4>Lumpfish Seperator<\/h4>\n\t\t\t<p>First in it\u2019s kind, our Lumpfish Seperator ensures efficient and gentle seperation and return of lumpfish.<\/p>\t\t\n\t\t\t\t<a href=\"https:\/\/skamik.no\/en\/lumpfish-separator\/\" target=\"_self\" rel=\"noopener noreferrer\">\n\t\t\t\t\t\t\t\t\t\tREAD MORE\t\t\t\t\t\t\t\t\t<\/a>\n\t\t<h3>Get in touch<\/h3>\n\t\t<p>Do not hesitate to contact us if you need information about specifications, availability, offers etc.<\/p>\n\t\t\t<a href=\"https:\/\/skamik.no\/en\/contact\/\" target=\"_self\" role=\"button\" rel=\"noopener noreferrer\">\n\t\t\t\t\t\t\tCONTACT US\n\t\t\t<\/a>\n","protected":false},"excerpt":{"rendered":"<p>New technology to the aquaculture industry Breakthrough technology from SkaMik provides sustainability, fish welfare, efficiency and profitability. our products contact us We are SkaMik AS At SkaMik, we work every single day to develop and produce technology that contibutes to increased sustainability, better fish welfare and greater efficiency and profitability in the aquaculture industry. Since&hellip;<\/p>\n","protected":false},"author":5,"featured_media":0,"parent":0,"menu_order":1,"comment_status":"closed","ping_status":"closed","template":"","meta":{"_acf_changed":false,"_analytify_skip_tracking":false,"footnotes":""},"class_list":["post-442","page","type-page","status-publish","hentry"],"acf":[],"yoast_head":"<!-- This site is optimized with the Yoast SEO plugin v27.2 - https:\/\/yoast.com\/product\/yoast-seo-wordpress\/ -->\n<title>SkaMik | Leverand\u00f8r av ny teknologi til havbruksn\u00e6ringen<\/title>\n<meta name=\"description\" content=\"SkaMik AS utvikler l\u00f8sninger som hjelper havbruksn\u00e6ringen med \u00e5 n\u00e5 ambisi\u00f8se m\u00e5l om b\u00e6rekraft, fiskevelferd, effektivitet og l\u00f8nnsomhet.\" \/>\n<meta name=\"robots\" content=\"index, follow, max-snippet:-1, max-image-preview:large, max-video-preview:-1\" \/>\n<link rel=\"canonical\" href=\"https:\/\/skamik.no\/en\/\" \/>\n<meta property=\"og:locale\" content=\"en_US\" \/>\n<meta property=\"og:type\" content=\"article\" \/>\n<meta property=\"og:title\" content=\"SkaMik | Leverand\u00f8r av ny teknologi til havbruksn\u00e6ringen\" \/>\n<meta property=\"og:description\" content=\"SkaMik AS utvikler l\u00f8sninger som hjelper havbruksn\u00e6ringen med \u00e5 n\u00e5 ambisi\u00f8se m\u00e5l om b\u00e6rekraft, fiskevelferd, effektivitet og l\u00f8nnsomhet.\" \/>\n<meta property=\"og:url\" content=\"https:\/\/skamik.no\/en\/\" \/>\n<meta property=\"og:site_name\" content=\"SkaMik AS\" \/>\n<meta property=\"article:publisher\" content=\"https:\/\/www.facebook.com\/SkaMik.09\/\" \/>\n<meta property=\"article:modified_time\" content=\"2019-12-23T13:25:07+00:00\" \/>\n<meta property=\"og:image\" content=\"https:\/\/skamik.no\/wp-content\/uploads\/2019\/03\/herobilde01.jpg\" \/>\n\t<meta property=\"og:image:width\" content=\"1920\" \/>\n\t<meta property=\"og:image:height\" content=\"1280\" \/>\n\t<meta property=\"og:image:type\" content=\"image\/jpeg\" \/>\n<meta name=\"twitter:card\" content=\"summary_large_image\" \/>\n<meta name=\"twitter:label1\" content=\"Est. reading time\" \/>\n\t<meta name=\"twitter:data1\" content=\"1 minute\" \/>\n<script type=\"application\/ld+json\" class=\"yoast-schema-graph\">{\"@context\":\"https:\/\/schema.org\",\"@graph\":[{\"@type\":\"WebPage\",\"@id\":\"https:\/\/skamik.no\/en\/\",\"url\":\"https:\/\/skamik.no\/en\/\",\"name\":\"SkaMik | Leverand\u00f8r av ny teknologi til havbruksn\u00e6ringen\",\"isPartOf\":{\"@id\":\"https:\/\/skamik.no\/en\/#website\"},\"datePublished\":\"2018-10-03T08:25:35+00:00\",\"dateModified\":\"2019-12-23T13:25:07+00:00\",\"description\":\"SkaMik AS utvikler l\u00f8sninger som hjelper havbruksn\u00e6ringen med \u00e5 n\u00e5 ambisi\u00f8se m\u00e5l om b\u00e6rekraft, fiskevelferd, effektivitet og l\u00f8nnsomhet.\",\"breadcrumb\":{\"@id\":\"https:\/\/skamik.no\/en\/#breadcrumb\"},\"inLanguage\":\"en-US\",\"potentialAction\":[{\"@type\":\"ReadAction\",\"target\":[\"https:\/\/skamik.no\/en\/\"]}]},{\"@type\":\"BreadcrumbList\",\"@id\":\"https:\/\/skamik.no\/en\/#breadcrumb\",\"itemListElement\":[{\"@type\":\"ListItem\",\"position\":1,\"name\":\"Hjem\",\"item\":\"https:\/\/skamik.no\/en\/\"},{\"@type\":\"ListItem\",\"position\":2,\"name\":\"Home\"}]},{\"@type\":\"WebSite\",\"@id\":\"https:\/\/skamik.no\/en\/#website\",\"url\":\"https:\/\/skamik.no\/en\/\",\"name\":\"SkaMik AS\",\"description\":\"Et bidrag til b\u00e6rekraft\",\"publisher\":{\"@id\":\"https:\/\/skamik.no\/en\/#organization\"},\"potentialAction\":[{\"@type\":\"SearchAction\",\"target\":{\"@type\":\"EntryPoint\",\"urlTemplate\":\"https:\/\/skamik.no\/en\/?s={search_term_string}\"},\"query-input\":{\"@type\":\"PropertyValueSpecification\",\"valueRequired\":true,\"valueName\":\"search_term_string\"}}],\"inLanguage\":\"en-US\"},{\"@type\":\"Organization\",\"@id\":\"https:\/\/skamik.no\/en\/#organization\",\"name\":\"Skamik AS\",\"url\":\"https:\/\/skamik.no\/en\/\",\"logo\":{\"@type\":\"ImageObject\",\"inLanguage\":\"en-US\",\"@id\":\"https:\/\/skamik.no\/en\/#\/schema\/logo\/image\/\",\"url\":\"https:\/\/skamik.no\/wp-content\/uploads\/2018\/10\/skamik_logo_web.png\",\"contentUrl\":\"https:\/\/skamik.no\/wp-content\/uploads\/2018\/10\/skamik_logo_web.png\",\"width\":500,\"height\":219,\"caption\":\"Skamik AS\"},\"image\":{\"@id\":\"https:\/\/skamik.no\/en\/#\/schema\/logo\/image\/\"},\"sameAs\":[\"https:\/\/www.facebook.com\/SkaMik.09\/\"]}]}<\/script>\n<!-- \/ Yoast SEO plugin. -->","yoast_head_json":{"title":"SkaMik | Leverand\u00f8r av ny teknologi til havbruksn\u00e6ringen","description":"SkaMik AS utvikler l\u00f8sninger som hjelper havbruksn\u00e6ringen med \u00e5 n\u00e5 ambisi\u00f8se m\u00e5l om b\u00e6rekraft, fiskevelferd, effektivitet og l\u00f8nnsomhet.","robots":{"index":"index","follow":"follow","max-snippet":"max-snippet:-1","max-image-preview":"max-image-preview:large","max-video-preview":"max-video-preview:-1"},"canonical":"https:\/\/skamik.no\/en\/","og_locale":"en_US","og_type":"article","og_title":"SkaMik | Leverand\u00f8r av ny teknologi til havbruksn\u00e6ringen","og_description":"SkaMik AS utvikler l\u00f8sninger som hjelper havbruksn\u00e6ringen med \u00e5 n\u00e5 ambisi\u00f8se m\u00e5l om b\u00e6rekraft, fiskevelferd, effektivitet og l\u00f8nnsomhet.","og_url":"https:\/\/skamik.no\/en\/","og_site_name":"SkaMik AS","article_publisher":"https:\/\/www.facebook.com\/SkaMik.09\/","article_modified_time":"2019-12-23T13:25:07+00:00","og_image":[{"width":1920,"height":1280,"url":"https:\/\/skamik.no\/wp-content\/uploads\/2019\/03\/herobilde01.jpg","type":"image\/jpeg"}],"twitter_card":"summary_large_image","twitter_misc":{"Est. reading time":"1 minute"},"schema":{"@context":"https:\/\/schema.org","@graph":[{"@type":"WebPage","@id":"https:\/\/skamik.no\/en\/","url":"https:\/\/skamik.no\/en\/","name":"SkaMik | Leverand\u00f8r av ny teknologi til havbruksn\u00e6ringen","isPartOf":{"@id":"https:\/\/skamik.no\/en\/#website"},"datePublished":"2018-10-03T08:25:35+00:00","dateModified":"2019-12-23T13:25:07+00:00","description":"SkaMik AS utvikler l\u00f8sninger som hjelper havbruksn\u00e6ringen med \u00e5 n\u00e5 ambisi\u00f8se m\u00e5l om b\u00e6rekraft, fiskevelferd, effektivitet og l\u00f8nnsomhet.","breadcrumb":{"@id":"https:\/\/skamik.no\/en\/#breadcrumb"},"inLanguage":"en-US","potentialAction":[{"@type":"ReadAction","target":["https:\/\/skamik.no\/en\/"]}]},{"@type":"BreadcrumbList","@id":"https:\/\/skamik.no\/en\/#breadcrumb","itemListElement":[{"@type":"ListItem","position":1,"name":"Hjem","item":"https:\/\/skamik.no\/en\/"},{"@type":"ListItem","position":2,"name":"Home"}]},{"@type":"WebSite","@id":"https:\/\/skamik.no\/en\/#website","url":"https:\/\/skamik.no\/en\/","name":"SkaMik AS","description":"Et bidrag til b\u00e6rekraft","publisher":{"@id":"https:\/\/skamik.no\/en\/#organization"},"potentialAction":[{"@type":"SearchAction","target":{"@type":"EntryPoint","urlTemplate":"https:\/\/skamik.no\/en\/?s={search_term_string}"},"query-input":{"@type":"PropertyValueSpecification","valueRequired":true,"valueName":"search_term_string"}}],"inLanguage":"en-US"},{"@type":"Organization","@id":"https:\/\/skamik.no\/en\/#organization","name":"Skamik AS","url":"https:\/\/skamik.no\/en\/","logo":{"@type":"ImageObject","inLanguage":"en-US","@id":"https:\/\/skamik.no\/en\/#\/schema\/logo\/image\/","url":"https:\/\/skamik.no\/wp-content\/uploads\/2018\/10\/skamik_logo_web.png","contentUrl":"https:\/\/skamik.no\/wp-content\/uploads\/2018\/10\/skamik_logo_web.png","width":500,"height":219,"caption":"Skamik AS"},"image":{"@id":"https:\/\/skamik.no\/en\/#\/schema\/logo\/image\/"},"sameAs":["https:\/\/www.facebook.com\/SkaMik.09\/"]}]}},"_links":{"self":[{"href":"https:\/\/skamik.no\/en\/wp-json\/wp\/v2\/pages\/442","targetHints":{"allow":["GET"]}}],"collection":[{"href":"https:\/\/skamik.no\/en\/wp-json\/wp\/v2\/pages"}],"about":[{"href":"https:\/\/skamik.no\/en\/wp-json\/wp\/v2\/types\/page"}],"author":[{"embeddable":true,"href":"https:\/\/skamik.no\/en\/wp-json\/wp\/v2\/users\/5"}],"replies":[{"embeddable":true,"href":"https:\/\/skamik.no\/en\/wp-json\/wp\/v2\/comments?post=442"}],"version-history":[{"count":0,"href":"https:\/\/skamik.no\/en\/wp-json\/wp\/v2\/pages\/442\/revisions"}],"wp:attachment":[{"href":"https:\/\/skamik.no\/en\/wp-json\/wp\/v2\/media?parent=442"}],"curies":[{"name":"wp","href":"https:\/\/api.w.org\/{rel}","templated":true}]}}