{"id":455,"date":"2019-07-11T13:16:25","date_gmt":"2019-07-11T11:16:25","guid":{"rendered":"https:\/\/skamik.no\/employees\/"},"modified":"2019-09-20T12:51:16","modified_gmt":"2019-09-20T10:51:16","slug":"employees","status":"publish","type":"page","link":"https:\/\/skamik.no\/en\/employees\/","title":{"rendered":"Employees"},"content":{"rendered":"<h1>\n\t<\/h1>\n\t\t<!--- FREMHEVET BILDE ELLER STANDARD BILDE -->\n\t\t\t<img loading=\"lazy\" decoding=\"async\" width=\"300\" height=\"300\" src=\"https:\/\/skamik.no\/wp-content\/uploads\/2019\/05\/geir-300x300.jpg\" alt=\"\" itemprop=\"image\" \/>\n\t\t<h2>Geir Skarstad<\/h2>\n\t\t<!--- KONTAKT INFO -->\n\t\t\t<!--<p>&#091;wpbb post:custom_field key=\"employee_position\"&#093;<\/p>-->\n\t\t\t<p>Daglig leder<\/p>\n\t\t\t<p><a href=\"tel:+47 99 53 66 39\" title=\"Ring Geir Skarstad\">+47 99 53 66 39<\/a><\/p>\n\t\t\t<p><a href=\"mailto:geir@skamik.no\" title=\"Send en e-post til Geir Skarstad\">geir@skamik.no<\/a><\/p>\n\t\t<!--- FREMHEVET BILDE ELLER STANDARD BILDE -->\n\t\t\t<img loading=\"lazy\" decoding=\"async\" width=\"300\" height=\"300\" src=\"https:\/\/skamik.no\/wp-content\/uploads\/2019\/05\/tore-mo2-300x300.jpg\" alt=\"\" itemprop=\"image\" \/>\n\t\t<h2>Tore Mo<\/h2>\n\t\t<!--- KONTAKT INFO -->\n\t\t\t<!--<p>&#091;wpbb post:custom_field key=\"employee_position\"&#093;<\/p>-->\n\t\t\t<p>Operasjonssjef<\/p>\n\t\t\t<p><a href=\"tel:+47 48 05 66 21\" title=\"Ring Tore Mo\">+47 48 05 66 21<\/a><\/p>\n\t\t\t<p><a href=\"mailto:tore.mo@skamik.no\" title=\"Send en e-post til Tore Mo\">tore.mo@skamik.no<\/a><\/p>\n\t\t<!--- FREMHEVET BILDE ELLER STANDARD BILDE -->\n\t\t\t<img loading=\"lazy\" decoding=\"async\" width=\"300\" height=\"300\" src=\"https:\/\/skamik.no\/wp-content\/uploads\/2019\/05\/frode-300x300.jpg\" alt=\"\" itemprop=\"image\" \/>\n\t\t<h2>Frode Mikalsen<\/h2>\n\t\t<!--- KONTAKT INFO -->\n\t\t\t<!--<p>&#091;wpbb post:custom_field key=\"employee_position\"&#093;<\/p>-->\n\t\t\t<p>Ettermarked \/ utvikling<\/p>\n\t\t\t<p><a href=\"tel:+47 47 63 48 01\" title=\"Ring Frode Mikalsen\">+47 47 63 48 01<\/a><\/p>\n\t\t\t<p><a href=\"mailto:frode@skamik.no\" title=\"Send en e-post til Frode Mikalsen\">frode@skamik.no<\/a><\/p>\n\t\t<!--- FREMHEVET BILDE ELLER STANDARD BILDE -->\n\t\t\t<img loading=\"lazy\" decoding=\"async\" width=\"300\" height=\"300\" src=\"https:\/\/skamik.no\/wp-content\/uploads\/2019\/05\/helge_brendryen-300x300.jpg\" alt=\"\" itemprop=\"image\" \/>\n\t\t<h2>Helge Brendryen<\/h2>\n\t\t<!--- KONTAKT INFO -->\n\t\t\t<!--<p>&#091;wpbb post:custom_field key=\"employee_position\"&#093;<\/p>-->\n\t\t\t<p>Service \/ ettermarked<\/p>\n\t\t\t<p><a href=\"tel:+47 91 36 82 86\" title=\"Ring Helge Brendryen\">+47 91 36 82 86<\/a><\/p>\n\t\t\t<p><a href=\"mailto:helge@skamik.no\" title=\"Send en e-post til Helge Brendryen\">helge@skamik.no<\/a><\/p>\n\t\t<!--- FREMHEVET BILDE ELLER STANDARD BILDE -->\n\t\t\t<img loading=\"lazy\" decoding=\"async\" width=\"300\" height=\"300\" src=\"https:\/\/skamik.no\/wp-content\/uploads\/2019\/06\/timthumb-1-300x300.jpg\" alt=\"\" itemprop=\"image\" \/>\n\t\t<h2>Lars Ivar Viken Elvetr\u00f8<\/h2>\n\t\t<!--- KONTAKT INFO -->\n\t\t\t<!--<p>&#091;wpbb post:custom_field key=\"employee_position\"&#093;<\/p>-->\n\t\t\t<p>Produktansvarlig Salg<\/p>\n\t\t\t<p><a href=\"tel:+47 402 38 823\" title=\"Ring Lars Ivar Viken Elvetr\u00f8\">+47 402 38 823<\/a><\/p>\n\t\t\t<p><a href=\"mailto:lars-ivar.elvertro@moenmarin.no\" title=\"Send en e-post til Lars Ivar Viken Elvetr\u00f8\">lars-ivar.elvertro@moenmarin.no<\/a><\/p>\n\t\t<!--- FREMHEVET BILDE ELLER STANDARD BILDE -->\n\t\t\t<img loading=\"lazy\" decoding=\"async\" width=\"300\" height=\"300\" src=\"https:\/\/skamik.no\/wp-content\/uploads\/2019\/05\/ole-jakob-300x300.jpg\" alt=\"\" itemprop=\"image\" \/>\n\t\t<h2>Ole Jakob M\u00e5\u00f8y<\/h2>\n\t\t<!--- KONTAKT INFO -->\n\t\t\t<!--<p>&#091;wpbb post:custom_field key=\"employee_position\"&#093;<\/p>-->\n\t\t\t<p>Driftsleder<\/p>\n\t\t\t<p><a href=\"tel:+47 90 98 44 65\" title=\"Ring Ole Jakob M\u00e5\u00f8y\">+47 90 98 44 65<\/a><\/p>\n\t\t\t<p><a href=\"mailto:ole.jakob@skamik.no\" title=\"Send en e-post til Ole Jakob M\u00e5\u00f8y\">ole.jakob@skamik.no<\/a><\/p>\n\t\t<!--- FREMHEVET BILDE ELLER STANDARD BILDE -->\n\t\t\t<img loading=\"lazy\" decoding=\"async\" width=\"300\" height=\"300\" src=\"https:\/\/skamik.no\/wp-content\/uploads\/2019\/05\/erik_ny2-300x300.jpg\" alt=\"\" itemprop=\"image\" \/>\n\t\t<h2>Erik Lys\u00f8 Pettersen<\/h2>\n\t\t<!--- KONTAKT INFO -->\n\t\t\t<!--<p>&#091;wpbb post:custom_field key=\"employee_position\"&#093;<\/p>-->\n\t\t\t<p>Mekaniker<\/p>\n\t\t\t<p><a href=\"tel:+47 93 24 06 63\" title=\"Ring Erik Lys\u00f8 Pettersen\">+47 93 24 06 63<\/a><\/p>\n\t\t\t<p><a href=\"mailto:erik@skamik.no\" title=\"Send en e-post til Erik Lys\u00f8 Pettersen\">erik@skamik.no<\/a><\/p>\n","protected":false},"excerpt":{"rendered":"<p>Geir Skarstad Daglig leder +47 99 53 66 39 geir@skamik.no Tore Mo Operasjonssjef +47 48 05 66 21 tore.mo@skamik.no Frode Mikalsen Ettermarked \/ utvikling +47 47 63 48 01 frode@skamik.no Helge Brendryen Service \/ ettermarked +47 91 36 82 86 helge@skamik.no Lars Ivar Viken Elvetr\u00f8 Produktansvarlig Salg +47 402 38 823 lars-ivar.elvertro@moenmarin.no Ole Jakob M\u00e5\u00f8y&hellip;<\/p>\n","protected":false},"author":5,"featured_media":0,"parent":0,"menu_order":6,"comment_status":"closed","ping_status":"closed","template":"","meta":{"_acf_changed":false,"_analytify_skip_tracking":false,"footnotes":""},"class_list":["post-455","page","type-page","status-publish","hentry"],"acf":[],"yoast_head":"<!-- This site is optimized with the Yoast SEO plugin v27.2 - https:\/\/yoast.com\/product\/yoast-seo-wordpress\/ -->\n<title>Employees - SkaMik AS<\/title>\n<meta name=\"robots\" content=\"index, follow, max-snippet:-1, max-image-preview:large, max-video-preview:-1\" \/>\n<link rel=\"canonical\" href=\"https:\/\/skamik.no\/en\/employees\/\" \/>\n<meta property=\"og:locale\" content=\"en_US\" \/>\n<meta property=\"og:type\" content=\"article\" \/>\n<meta property=\"og:title\" content=\"Employees - SkaMik AS\" \/>\n<meta property=\"og:description\" content=\"Geir Skarstad Daglig leder +47 99 53 66 39 geir@skamik.no Tore Mo Operasjonssjef +47 48 05 66 21 tore.mo@skamik.no Frode Mikalsen Ettermarked \/ utvikling +47 47 63 48 01 frode@skamik.no Helge Brendryen Service \/ ettermarked +47 91 36 82 86 helge@skamik.no Lars Ivar Viken Elvetr\u00f8 Produktansvarlig Salg +47 402 38 823 lars-ivar.elvertro@moenmarin.no Ole Jakob M\u00e5\u00f8y&hellip;\" \/>\n<meta property=\"og:url\" content=\"https:\/\/skamik.no\/en\/employees\/\" \/>\n<meta property=\"og:site_name\" content=\"SkaMik AS\" \/>\n<meta property=\"article:publisher\" content=\"https:\/\/www.facebook.com\/SkaMik.09\/\" \/>\n<meta property=\"article:modified_time\" content=\"2019-09-20T10:51:16+00:00\" \/>\n<meta property=\"og:image\" content=\"https:\/\/skamik.no\/wp-content\/uploads\/2019\/05\/geir-300x300.jpg\" \/>\n<meta name=\"twitter:card\" content=\"summary_large_image\" \/>\n<script type=\"application\/ld+json\" class=\"yoast-schema-graph\">{\"@context\":\"https:\/\/schema.org\",\"@graph\":[{\"@type\":\"WebPage\",\"@id\":\"https:\/\/skamik.no\/en\/employees\/\",\"url\":\"https:\/\/skamik.no\/en\/employees\/\",\"name\":\"Employees - SkaMik AS\",\"isPartOf\":{\"@id\":\"https:\/\/skamik.no\/en\/#website\"},\"primaryImageOfPage\":{\"@id\":\"https:\/\/skamik.no\/en\/employees\/#primaryimage\"},\"image\":{\"@id\":\"https:\/\/skamik.no\/en\/employees\/#primaryimage\"},\"thumbnailUrl\":\"https:\/\/skamik.no\/wp-content\/uploads\/2019\/05\/geir-300x300.jpg\",\"datePublished\":\"2019-07-11T11:16:25+00:00\",\"dateModified\":\"2019-09-20T10:51:16+00:00\",\"breadcrumb\":{\"@id\":\"https:\/\/skamik.no\/en\/employees\/#breadcrumb\"},\"inLanguage\":\"en-US\",\"potentialAction\":[{\"@type\":\"ReadAction\",\"target\":[\"https:\/\/skamik.no\/en\/employees\/\"]}]},{\"@type\":\"ImageObject\",\"inLanguage\":\"en-US\",\"@id\":\"https:\/\/skamik.no\/en\/employees\/#primaryimage\",\"url\":\"https:\/\/skamik.no\/wp-content\/uploads\/2019\/05\/geir-300x300.jpg\",\"contentUrl\":\"https:\/\/skamik.no\/wp-content\/uploads\/2019\/05\/geir-300x300.jpg\"},{\"@type\":\"BreadcrumbList\",\"@id\":\"https:\/\/skamik.no\/en\/employees\/#breadcrumb\",\"itemListElement\":[{\"@type\":\"ListItem\",\"position\":1,\"name\":\"Hjem\",\"item\":\"https:\/\/skamik.no\/en\/\"},{\"@type\":\"ListItem\",\"position\":2,\"name\":\"Employees\"}]},{\"@type\":\"WebSite\",\"@id\":\"https:\/\/skamik.no\/en\/#website\",\"url\":\"https:\/\/skamik.no\/en\/\",\"name\":\"SkaMik AS\",\"description\":\"Et bidrag til b\u00e6rekraft\",\"publisher\":{\"@id\":\"https:\/\/skamik.no\/en\/#organization\"},\"potentialAction\":[{\"@type\":\"SearchAction\",\"target\":{\"@type\":\"EntryPoint\",\"urlTemplate\":\"https:\/\/skamik.no\/en\/?s={search_term_string}\"},\"query-input\":{\"@type\":\"PropertyValueSpecification\",\"valueRequired\":true,\"valueName\":\"search_term_string\"}}],\"inLanguage\":\"en-US\"},{\"@type\":\"Organization\",\"@id\":\"https:\/\/skamik.no\/en\/#organization\",\"name\":\"Skamik AS\",\"url\":\"https:\/\/skamik.no\/en\/\",\"logo\":{\"@type\":\"ImageObject\",\"inLanguage\":\"en-US\",\"@id\":\"https:\/\/skamik.no\/en\/#\/schema\/logo\/image\/\",\"url\":\"https:\/\/skamik.no\/wp-content\/uploads\/2018\/10\/skamik_logo_web.png\",\"contentUrl\":\"https:\/\/skamik.no\/wp-content\/uploads\/2018\/10\/skamik_logo_web.png\",\"width\":500,\"height\":219,\"caption\":\"Skamik AS\"},\"image\":{\"@id\":\"https:\/\/skamik.no\/en\/#\/schema\/logo\/image\/\"},\"sameAs\":[\"https:\/\/www.facebook.com\/SkaMik.09\/\"]}]}<\/script>\n<!-- \/ Yoast SEO plugin. -->","yoast_head_json":{"title":"Employees - SkaMik AS","robots":{"index":"index","follow":"follow","max-snippet":"max-snippet:-1","max-image-preview":"max-image-preview:large","max-video-preview":"max-video-preview:-1"},"canonical":"https:\/\/skamik.no\/en\/employees\/","og_locale":"en_US","og_type":"article","og_title":"Employees - SkaMik AS","og_description":"Geir Skarstad Daglig leder +47 99 53 66 39 geir@skamik.no Tore Mo Operasjonssjef +47 48 05 66 21 tore.mo@skamik.no Frode Mikalsen Ettermarked \/ utvikling +47 47 63 48 01 frode@skamik.no Helge Brendryen Service \/ ettermarked +47 91 36 82 86 helge@skamik.no Lars Ivar Viken Elvetr\u00f8 Produktansvarlig Salg +47 402 38 823 lars-ivar.elvertro@moenmarin.no Ole Jakob M\u00e5\u00f8y&hellip;","og_url":"https:\/\/skamik.no\/en\/employees\/","og_site_name":"SkaMik AS","article_publisher":"https:\/\/www.facebook.com\/SkaMik.09\/","article_modified_time":"2019-09-20T10:51:16+00:00","og_image":[{"url":"https:\/\/skamik.no\/wp-content\/uploads\/2019\/05\/geir-300x300.jpg","type":"","width":"","height":""}],"twitter_card":"summary_large_image","schema":{"@context":"https:\/\/schema.org","@graph":[{"@type":"WebPage","@id":"https:\/\/skamik.no\/en\/employees\/","url":"https:\/\/skamik.no\/en\/employees\/","name":"Employees - SkaMik AS","isPartOf":{"@id":"https:\/\/skamik.no\/en\/#website"},"primaryImageOfPage":{"@id":"https:\/\/skamik.no\/en\/employees\/#primaryimage"},"image":{"@id":"https:\/\/skamik.no\/en\/employees\/#primaryimage"},"thumbnailUrl":"https:\/\/skamik.no\/wp-content\/uploads\/2019\/05\/geir-300x300.jpg","datePublished":"2019-07-11T11:16:25+00:00","dateModified":"2019-09-20T10:51:16+00:00","breadcrumb":{"@id":"https:\/\/skamik.no\/en\/employees\/#breadcrumb"},"inLanguage":"en-US","potentialAction":[{"@type":"ReadAction","target":["https:\/\/skamik.no\/en\/employees\/"]}]},{"@type":"ImageObject","inLanguage":"en-US","@id":"https:\/\/skamik.no\/en\/employees\/#primaryimage","url":"https:\/\/skamik.no\/wp-content\/uploads\/2019\/05\/geir-300x300.jpg","contentUrl":"https:\/\/skamik.no\/wp-content\/uploads\/2019\/05\/geir-300x300.jpg"},{"@type":"BreadcrumbList","@id":"https:\/\/skamik.no\/en\/employees\/#breadcrumb","itemListElement":[{"@type":"ListItem","position":1,"name":"Hjem","item":"https:\/\/skamik.no\/en\/"},{"@type":"ListItem","position":2,"name":"Employees"}]},{"@type":"WebSite","@id":"https:\/\/skamik.no\/en\/#website","url":"https:\/\/skamik.no\/en\/","name":"SkaMik AS","description":"Et bidrag til b\u00e6rekraft","publisher":{"@id":"https:\/\/skamik.no\/en\/#organization"},"potentialAction":[{"@type":"SearchAction","target":{"@type":"EntryPoint","urlTemplate":"https:\/\/skamik.no\/en\/?s={search_term_string}"},"query-input":{"@type":"PropertyValueSpecification","valueRequired":true,"valueName":"search_term_string"}}],"inLanguage":"en-US"},{"@type":"Organization","@id":"https:\/\/skamik.no\/en\/#organization","name":"Skamik AS","url":"https:\/\/skamik.no\/en\/","logo":{"@type":"ImageObject","inLanguage":"en-US","@id":"https:\/\/skamik.no\/en\/#\/schema\/logo\/image\/","url":"https:\/\/skamik.no\/wp-content\/uploads\/2018\/10\/skamik_logo_web.png","contentUrl":"https:\/\/skamik.no\/wp-content\/uploads\/2018\/10\/skamik_logo_web.png","width":500,"height":219,"caption":"Skamik AS"},"image":{"@id":"https:\/\/skamik.no\/en\/#\/schema\/logo\/image\/"},"sameAs":["https:\/\/www.facebook.com\/SkaMik.09\/"]}]}},"_links":{"self":[{"href":"https:\/\/skamik.no\/en\/wp-json\/wp\/v2\/pages\/455","targetHints":{"allow":["GET"]}}],"collection":[{"href":"https:\/\/skamik.no\/en\/wp-json\/wp\/v2\/pages"}],"about":[{"href":"https:\/\/skamik.no\/en\/wp-json\/wp\/v2\/types\/page"}],"author":[{"embeddable":true,"href":"https:\/\/skamik.no\/en\/wp-json\/wp\/v2\/users\/5"}],"replies":[{"embeddable":true,"href":"https:\/\/skamik.no\/en\/wp-json\/wp\/v2\/comments?post=455"}],"version-history":[{"count":0,"href":"https:\/\/skamik.no\/en\/wp-json\/wp\/v2\/pages\/455\/revisions"}],"wp:attachment":[{"href":"https:\/\/skamik.no\/en\/wp-json\/wp\/v2\/media?parent=455"}],"curies":[{"name":"wp","href":"https:\/\/api.w.org\/{rel}","templated":true}]}}